{"id":24,"date":"2019-04-11T16:56:03","date_gmt":"2019-04-11T14:56:03","guid":{"rendered":"https:\/\/www.servidona.com\/?page_id=24"},"modified":"2023-11-07T11:50:46","modified_gmt":"2023-11-07T10:50:46","slug":"la-compra-mas-facil","status":"publish","type":"page","link":"https:\/\/www.servidona.com\/index.php\/la-compra-mas-facil\/","title":{"rendered":"La Compra m\u00e1s F\u00e1cil"},"content":{"rendered":"\n<h3 class=\"wp-block-heading\"><strong>C\u00f3mo comprar productos SERVIDONA<\/strong>?<\/h3>\n\n\n\n<p class=\"has-black-color has-text-color\">La satisfacci\u00f3n de nuestros clientes es lo m\u00e1s importante.<\/p>\n\n\n\n<p class=\"has-black-color has-text-color\">Para ello adem\u00e1s de recibir atenci\u00f3n personalizada de nuestros comerciales, disponemos de un n\u00famero gratuito de atenci\u00f3n al cliente <strong>900 300 050<\/strong> y de un correo electr\u00f3nico <strong><a href=\"mailto:info@servidona.com\">info@servidona.com<\/a><\/strong> , donde podr\u00e1 consultar todas sus dudas.<\/p>\n\n\n\n<p class=\"has-black-color has-text-color\"><strong>SERVIDONA<\/strong> pone a disposici\u00f3n de sus clientes el mejor producto al precio m\u00e1s justo. En nuestro cat\u00e1logo no hemos incluido los precios de los productos, debido a que en Servidona queremos ofrecerles siempre el mejor precio.<\/p>\n\n\n\n<p class=\"has-black-color has-text-color\">Pueden ejercer su compra de lo forma m\u00e1s tradicional, a trav\u00e9s de los comerciales que se acercan a su casa cada semana o bien hacer un encargo especial en el tel\u00e9fono gratuito <strong>900 300 050<\/strong>.<\/p>\n\n\n\n<p class=\"has-black-color has-text-color\">Nuestro cat\u00e1logo representa una muestra de la amplia variedad de productos y formatos de venta que le ofrecemos. Si tiene cualquier consulta sobre ello no dude en consultarnos, bien personalmente a su comercial o en el tel\u00e9fono gratuito <strong>900 300 050<\/strong>. Estaremos encantados de ayudarle.<\/p>\n\n\n<div class=\"wp-block-image\">\n<figure class=\"aligncenter\"><img loading=\"lazy\" decoding=\"async\" width=\"300\" height=\"52\" src=\"https:\/\/www.servidona.com\/wp-content\/uploads\/2019\/04\/LOGO-TELEFONO-GRATUITO-300x52.png\" alt=\"\" class=\"wp-image-12\" srcset=\"https:\/\/www.servidona.com\/wp-content\/uploads\/2019\/04\/LOGO-TELEFONO-GRATUITO-300x52.png 300w, https:\/\/www.servidona.com\/wp-content\/uploads\/2019\/04\/LOGO-TELEFONO-GRATUITO-768x133.png 768w, https:\/\/www.servidona.com\/wp-content\/uploads\/2019\/04\/LOGO-TELEFONO-GRATUITO-1024x178.png 1024w, https:\/\/www.servidona.com\/wp-content\/uploads\/2019\/04\/LOGO-TELEFONO-GRATUITO.png 1465w\" sizes=\"auto, (max-width: 300px) 100vw, 300px\" \/><\/figure>\n<\/div>\n\n\n<figure class=\"wp-block-gallery has-nested-images columns-default is-cropped wp-block-gallery-1 is-layout-flex wp-block-gallery-is-layout-flex\"><\/figure>\n\n\n\n<figure class=\"wp-block-gallery has-nested-images columns-default is-cropped wp-block-gallery-2 is-layout-flex wp-block-gallery-is-layout-flex\"><\/figure>\n","protected":false},"excerpt":{"rendered":"<p>C\u00f3mo comprar productos SERVIDONA? La satisfacci\u00f3n de nuestros clientes es lo m\u00e1s importante. Para ello adem\u00e1s de recibir atenci\u00f3n personalizada de nuestros comerciales, disponemos de un n\u00famero gratuito de atenci\u00f3n al cliente 900 300 050 y de un correo electr\u00f3nico info@servidona.com , donde podr\u00e1 consultar todas sus dudas. SERVIDONA pone a disposici\u00f3n de sus clientes &hellip; <\/p>\n<p class=\"link-more\"><a href=\"https:\/\/www.servidona.com\/index.php\/la-compra-mas-facil\/\" class=\"more-link\">Continuar leyendo<span class=\"screen-reader-text\"> \u00abLa Compra m\u00e1s F\u00e1cil\u00bb<\/span><\/a><\/p>\n","protected":false},"author":1,"featured_media":0,"parent":0,"menu_order":3,"comment_status":"closed","ping_status":"closed","template":"","meta":{"footnotes":""},"class_list":["post-24","page","type-page","status-publish","hentry"],"_links":{"self":[{"href":"https:\/\/www.servidona.com\/index.php\/wp-json\/wp\/v2\/pages\/24","targetHints":{"allow":["GET"]}}],"collection":[{"href":"https:\/\/www.servidona.com\/index.php\/wp-json\/wp\/v2\/pages"}],"about":[{"href":"https:\/\/www.servidona.com\/index.php\/wp-json\/wp\/v2\/types\/page"}],"author":[{"embeddable":true,"href":"https:\/\/www.servidona.com\/index.php\/wp-json\/wp\/v2\/users\/1"}],"replies":[{"embeddable":true,"href":"https:\/\/www.servidona.com\/index.php\/wp-json\/wp\/v2\/comments?post=24"}],"version-history":[{"count":5,"href":"https:\/\/www.servidona.com\/index.php\/wp-json\/wp\/v2\/pages\/24\/revisions"}],"predecessor-version":[{"id":129,"href":"https:\/\/www.servidona.com\/index.php\/wp-json\/wp\/v2\/pages\/24\/revisions\/129"}],"wp:attachment":[{"href":"https:\/\/www.servidona.com\/index.php\/wp-json\/wp\/v2\/media?parent=24"}],"curies":[{"name":"wp","href":"https:\/\/api.w.org\/{rel}","templated":true}]}}