{"id":2,"date":"2019-04-08T16:05:01","date_gmt":"2019-04-08T14:05:01","guid":{"rendered":"https:\/\/www.servidona.com\/?page_id=2"},"modified":"2024-02-09T10:19:51","modified_gmt":"2024-02-09T09:19:51","slug":"pagina-ejemplo","status":"publish","type":"page","link":"https:\/\/www.servidona.com\/","title":{"rendered":"Alimentaci\u00f3n de Calidad"},"content":{"rendered":"\n<p><\/p>\n\n\n\n<h3 class=\"wp-block-heading\">Qu\u00e9 es SERVIDONA?<\/h3>\n\n\n\n<p class=\"has-black-color has-text-color\">SERVIDONA es el fruto de m\u00e1s de 20 a\u00f1os de experiencia en el sector de la alimentaci\u00f3n, y m\u00e1s concretamente, en el servicio de la venta a domicilio de productos alimenticios congelados y refrigerados.<\/p>\n\n\n\n<p class=\"has-black-color has-text-color\">SERVIDONA es, por tanto, producto y servicio sin\u00f3nimo de calidad y atenci\u00f3n. Es la firma con la que se reconocen nuestros productos y el servicio que venimos desarrollando desde principios de siglo, acerc\u00e1ndonos y atendiendo exclusivamente a la Espa\u00f1a rural.<\/p>\n\n\n\n<h3 class=\"wp-block-heading has-black-color has-text-color\">C\u00f3mo lo hacemos?<\/h3>\n\n\n\n<p class=\"has-black-color has-text-color\"><\/p>\n\n\n\n<div class=\"wp-block-media-text is-stacked-on-mobile\"><figure class=\"wp-block-media-text__media\"><img loading=\"lazy\" decoding=\"async\" width=\"640\" height=\"456\" src=\"https:\/\/www.servidona.com\/wp-content\/uploads\/2023\/11\/FUSO-3.jpg\" alt=\"\" class=\"wp-image-122 size-full\" srcset=\"https:\/\/www.servidona.com\/wp-content\/uploads\/2023\/11\/FUSO-3.jpg 640w, https:\/\/www.servidona.com\/wp-content\/uploads\/2023\/11\/FUSO-3-300x214.jpg 300w\" sizes=\"auto, (max-width: 640px) 100vw, 640px\" \/><\/figure><div class=\"wp-block-media-text__content\">\n<p class=\"has-black-color has-text-color\">Los productos SERVIDONA \u00fanicamente se sirven a domicilio directamente desde sus distribuidores. No estamos presentes en ning\u00fan grupo alimentario, grandes almacenes o supermercados de gran consumo.<\/p>\n\n\n\n<p class=\"has-black-color has-text-color\">Solamente podr\u00e1s vernos <strong>en la puerta de tu casa<\/strong>. Durante todos estos a\u00f1os, no hemos dejado de trabajar para el rural cada semana, con lluvia, nieve, calor extremo, e incluso alguna pandemia. Nunca hemos dejado de atenderle y acudir a la cita de la compra.<\/p>\n<\/div><\/div>\n\n\n\n<h3 class=\"wp-block-heading has-black-color has-text-color\">Nuevos tiempos<\/h3>\n\n\n\n<p class=\"has-black-color has-text-color\">Con el uso de las nuevas tecnolog\u00edas, hemos tenido que adaptarnos para seguir estando presentes con nuestro compromiso. Somos exigentes con nuestros productos, pero tambi\u00e9n con el servicio que queremos prestar. Y por ello, no podemos quedarnos atr\u00e1s en un momento en el que las comunicaciones deber\u00e1n estar presentes en los espacios rurales, para darles ese apoyo que tanto necesitan.<\/p>\n\n\n\n<p class=\"has-black-color has-text-color\">A trav\u00e9s de esta web, el rural estar\u00e1 conectado con nosotros para seguir atendi\u00e9ndolo y d\u00e1ndole el servicio que se merecen sus vecinos. Estamos en situaci\u00f3n de poder afirmar que <strong>\u00abnadie se va a quedar atr\u00e1s\u00bb<\/strong><\/p>\n","protected":false},"excerpt":{"rendered":"<p>Qu\u00e9 es SERVIDONA? SERVIDONA es el fruto de m\u00e1s de 20 a\u00f1os de experiencia en el sector de la alimentaci\u00f3n, y m\u00e1s concretamente, en el servicio de la venta a domicilio de productos alimenticios congelados y refrigerados. SERVIDONA es, por tanto, producto y servicio sin\u00f3nimo de calidad y atenci\u00f3n. Es la firma con la que &hellip; <\/p>\n<p class=\"link-more\"><a href=\"https:\/\/www.servidona.com\/\" class=\"more-link\">Continuar leyendo<span class=\"screen-reader-text\"> \u00abAlimentaci\u00f3n de Calidad\u00bb<\/span><\/a><\/p>\n","protected":false},"author":1,"featured_media":0,"parent":0,"menu_order":1,"comment_status":"closed","ping_status":"open","template":"templates\/right-sidebar.php","meta":{"footnotes":""},"class_list":["post-2","page","type-page","status-publish","hentry"],"_links":{"self":[{"href":"https:\/\/www.servidona.com\/index.php\/wp-json\/wp\/v2\/pages\/2","targetHints":{"allow":["GET"]}}],"collection":[{"href":"https:\/\/www.servidona.com\/index.php\/wp-json\/wp\/v2\/pages"}],"about":[{"href":"https:\/\/www.servidona.com\/index.php\/wp-json\/wp\/v2\/types\/page"}],"author":[{"embeddable":true,"href":"https:\/\/www.servidona.com\/index.php\/wp-json\/wp\/v2\/users\/1"}],"replies":[{"embeddable":true,"href":"https:\/\/www.servidona.com\/index.php\/wp-json\/wp\/v2\/comments?post=2"}],"version-history":[{"count":9,"href":"https:\/\/www.servidona.com\/index.php\/wp-json\/wp\/v2\/pages\/2\/revisions"}],"predecessor-version":[{"id":136,"href":"https:\/\/www.servidona.com\/index.php\/wp-json\/wp\/v2\/pages\/2\/revisions\/136"}],"wp:attachment":[{"href":"https:\/\/www.servidona.com\/index.php\/wp-json\/wp\/v2\/media?parent=2"}],"curies":[{"name":"wp","href":"https:\/\/api.w.org\/{rel}","templated":true}]}}